{"id":269,"date":"2022-02-19T16:14:59","date_gmt":"2022-02-19T15:14:59","guid":{"rendered":"https:\/\/95.128.25.24.aa5d6d21.uncloud.co\/home\/?page_id=269"},"modified":"2024-07-18T13:45:13","modified_gmt":"2024-07-18T12:45:13","slug":"sjaellandsgade-72","status":"publish","type":"page","link":"\/home\/lejemaal\/sjaellandsgade-72\/","title":{"rendered":"Sj\u00e6llandsgade 72 (ejendommen)"},"content":{"rendered":"\n<p>Sj\u00e6llandsgade 72 er et typisk byhus i \u00d8gaderne i den st\u00f8rre ende. Ejendommen benyttes  som kontor af Cabo ApS og vores s\u00f8stervirksomhed Origo Systems ApS.<\/p>\n\n\n\n<figure class=\"wp-block-image size-large\"><img loading=\"lazy\" decoding=\"async\" width=\"777\" height=\"1024\" src=\"\/home\/wp-content\/uploads\/2024\/07\/SG72-777x1024.jpg\" alt=\"\" class=\"wp-image-777\"\/><\/figure>\n","protected":false},"excerpt":{"rendered":"<p>Sj\u00e6llandsgade 72 er et typisk byhus i \u00d8gaderne i den st\u00f8rre ende. Ejendommen benyttes som kontor af Cabo ApS og vores s\u00f8stervirksomhed Origo Systems ApS.<\/p>\n","protected":false},"author":1,"featured_media":777,"parent":2,"menu_order":3,"comment_status":"closed","ping_status":"closed","template":"","meta":{"footnotes":""},"categories":[],"tags":[19,21],"class_list":["post-269","page","type-page","status-publish","has-post-thumbnail","hentry","tag-ledig","tag-sjaellandsgade-72"],"jetpack_sharing_enabled":true,"featured_image_src":"\/home\/wp-content\/uploads\/2024\/07\/SG72-600x400.jpg","featured_image_src_square":"\/home\/wp-content\/uploads\/2024\/07\/SG72-600x600.jpg","rttpg_featured_image_url":{"full":["\/home\/wp-content\/uploads\/2024\/07\/SG72.jpg",1158,1527,false],"landscape":["\/home\/wp-content\/uploads\/2024\/07\/SG72.jpg",1158,1527,false],"portraits":["\/home\/wp-content\/uploads\/2024\/07\/SG72.jpg",1158,1527,false],"thumbnail":["\/home\/wp-content\/uploads\/2024\/07\/SG72-150x150.jpg",150,150,true],"medium":["\/home\/wp-content\/uploads\/2024\/07\/SG72-228x300.jpg",228,300,true],"large":["\/home\/wp-content\/uploads\/2024\/07\/SG72-777x1024.jpg",777,1024,true],"1536x1536":["\/home\/wp-content\/uploads\/2024\/07\/SG72.jpg",1158,1527,false],"2048x2048":["\/home\/wp-content\/uploads\/2024\/07\/SG72.jpg",1158,1527,false],"ab-block-post-grid-landscape":["\/home\/wp-content\/uploads\/2024\/07\/SG72-600x400.jpg",600,400,true],"ab-block-post-grid-square":["\/home\/wp-content\/uploads\/2024\/07\/SG72-600x600.jpg",600,600,true],"mailpoet_newsletter_max":["\/home\/wp-content\/uploads\/2024\/07\/SG72.jpg",1158,1527,false]},"rttpg_author":{"display_name":"o@origo.io","author_link":"\/home\/author\/oorigo-io\/"},"rttpg_comment":0,"rttpg_category":false,"rttpg_excerpt":"Sj\u00e6llandsgade 72 er et typisk byhus i \u00d8gaderne i den st\u00f8rre ende. Ejendommen benyttes som kontor af Cabo ApS og vores s\u00f8stervirksomhed Origo Systems ApS.","_links":{"self":[{"href":"\/home\/wp-json\/wp\/v2\/pages\/269","targetHints":{"allow":["GET"]}}],"collection":[{"href":"\/home\/wp-json\/wp\/v2\/pages"}],"about":[{"href":"\/home\/wp-json\/wp\/v2\/types\/page"}],"author":[{"embeddable":true,"href":"\/home\/wp-json\/wp\/v2\/users\/1"}],"replies":[{"embeddable":true,"href":"\/home\/wp-json\/wp\/v2\/comments?post=269"}],"version-history":[{"count":5,"href":"\/home\/wp-json\/wp\/v2\/pages\/269\/revisions"}],"predecessor-version":[{"id":798,"href":"\/home\/wp-json\/wp\/v2\/pages\/269\/revisions\/798"}],"up":[{"embeddable":true,"href":"\/home\/wp-json\/wp\/v2\/pages\/2"}],"wp:featuredmedia":[{"embeddable":true,"href":"\/home\/wp-json\/wp\/v2\/media\/777"}],"wp:attachment":[{"href":"\/home\/wp-json\/wp\/v2\/media?parent=269"}],"wp:term":[{"taxonomy":"category","embeddable":true,"href":"\/home\/wp-json\/wp\/v2\/categories?post=269"},{"taxonomy":"post_tag","embeddable":true,"href":"\/home\/wp-json\/wp\/v2\/tags?post=269"}],"curies":[{"name":"wp","href":"https:\/\/api.w.org\/{rel}","templated":true}]}}