{"id":267,"date":"2022-02-19T16:13:39","date_gmt":"2022-02-19T15:13:39","guid":{"rendered":"https:\/\/95.128.25.24.aa5d6d21.uncloud.co\/home\/?page_id=267"},"modified":"2023-06-01T14:25:58","modified_gmt":"2023-06-01T13:25:58","slug":"falstersgade-47","status":"publish","type":"page","link":"\/home\/lejemaal\/falstersgade-47\/","title":{"rendered":"Falstersgade 47 (ejendommen)"},"content":{"rendered":"\n<p>Falstersgade 47 er en klassisk, mindre \u00d8gade-ejendom med originale plankegulve og dannebrogsvinduer. Ejendommen rummer 5 tov\u00e6relses lejligheder, f\u00e6lles vaskek\u00e6lder, depotrum samt en hyggelig, privat, sydvendt g\u00e5rd med en lille gr\u00e6spl\u00e6ne og et f\u00e6lles redskabsskur.<\/p>\n\n\n<div class=\"wp-block-image\">\n<figure class=\"aligncenter size-full is-resized\"><a href=\"\/home\/wp-content\/uploads\/2022\/02\/Falstersgade_47-facade.jpg\" data-rel=\"lightbox-gallery-IjcaBKTf\" data-rl_title=\"\" data-rl_caption=\"\" title=\"\"><img loading=\"lazy\" decoding=\"async\" src=\"\/home\/wp-content\/uploads\/2022\/02\/Falstersgade_47-facade.jpg\" alt=\"\" class=\"wp-image-244\" width=\"429\" height=\"548\"\/><\/a><\/figure><\/div>\n\n\n<figure class=\"wp-block-gallery has-nested-images columns-default is-cropped wp-block-gallery-1 is-layout-flex wp-block-gallery-is-layout-flex\">\n<figure class=\"wp-block-image size-large\"><a href=\"\/home\/wp-content\/uploads\/2022\/02\/Falstersgade_47-baggaard.jpg\" data-rel=\"lightbox-gallery-IjcaBKTf\" data-rl_title=\"\" data-rl_caption=\"\" title=\"\"><img loading=\"lazy\" decoding=\"async\" width=\"1051\" height=\"730\" data-id=\"243\" src=\"\/home\/wp-content\/uploads\/2022\/02\/Falstersgade_47-baggaard.jpg\" alt=\"\" class=\"wp-image-243\"\/><\/a><\/figure>\n\n\n\n<figure class=\"wp-block-image size-large\"><a href=\"\/home\/wp-content\/uploads\/2022\/02\/Falstersgade_47-have.jpg\" data-rel=\"lightbox-gallery-IjcaBKTf\" data-rl_title=\"\" data-rl_caption=\"\" title=\"\"><img loading=\"lazy\" decoding=\"async\" width=\"1051\" height=\"730\" data-id=\"245\" src=\"\/home\/wp-content\/uploads\/2022\/02\/Falstersgade_47-have.jpg\" alt=\"\" class=\"wp-image-245\"\/><\/a><\/figure>\n<\/figure>\n","protected":false},"excerpt":{"rendered":"<p>Falstersgade 47 er en klassisk, mindre \u00d8gade-ejendom med originale plankegulve og dannebrogsvinduer. Ejendommen rummer 5 tov\u00e6relses lejligheder, f\u00e6lles vaskek\u00e6lder, depotrum samt en hyggelig, privat, sydvendt g\u00e5rd med en lille gr\u00e6spl\u00e6ne og et f\u00e6lles redskabsskur.<\/p>\n","protected":false},"author":1,"featured_media":244,"parent":2,"menu_order":1,"comment_status":"closed","ping_status":"closed","template":"","meta":{"footnotes":""},"categories":[],"tags":[16,19],"class_list":["post-267","page","type-page","status-publish","has-post-thumbnail","hentry","tag-falstersgade-47","tag-ledig"],"jetpack_sharing_enabled":true,"featured_image_src":"\/home\/wp-content\/uploads\/2022\/02\/Falstersgade_47-facade.jpg","featured_image_src_square":"\/home\/wp-content\/uploads\/2022\/02\/Falstersgade_47-facade.jpg","rttpg_featured_image_url":{"full":["\/home\/wp-content\/uploads\/2022\/02\/Falstersgade_47-facade.jpg",572,730,false],"landscape":["\/home\/wp-content\/uploads\/2022\/02\/Falstersgade_47-facade.jpg",572,730,false],"portraits":["\/home\/wp-content\/uploads\/2022\/02\/Falstersgade_47-facade.jpg",572,730,false],"thumbnail":["\/home\/wp-content\/uploads\/2022\/02\/Falstersgade_47-facade-150x150.jpg",150,150,true],"medium":["\/home\/wp-content\/uploads\/2022\/02\/Falstersgade_47-facade-235x300.jpg",235,300,true],"large":["\/home\/wp-content\/uploads\/2022\/02\/Falstersgade_47-facade.jpg",572,730,false],"1536x1536":["\/home\/wp-content\/uploads\/2022\/02\/Falstersgade_47-facade.jpg",572,730,false],"2048x2048":["\/home\/wp-content\/uploads\/2022\/02\/Falstersgade_47-facade.jpg",572,730,false],"ab-block-post-grid-landscape":["\/home\/wp-content\/uploads\/2022\/02\/Falstersgade_47-facade.jpg",313,400,false],"ab-block-post-grid-square":["\/home\/wp-content\/uploads\/2022\/02\/Falstersgade_47-facade.jpg",470,600,false],"mailpoet_newsletter_max":["\/home\/wp-content\/uploads\/2022\/02\/Falstersgade_47-facade.jpg",572,730,false]},"rttpg_author":{"display_name":"o@origo.io","author_link":"\/home\/author\/oorigo-io\/"},"rttpg_comment":0,"rttpg_category":false,"rttpg_excerpt":"Falstersgade 47 er en klassisk, mindre \u00d8gade-ejendom med originale plankegulve og dannebrogsvinduer. Ejendommen rummer 5 tov\u00e6relses lejligheder, f\u00e6lles vaskek\u00e6lder, depotrum samt en hyggelig, privat, sydvendt g\u00e5rd med en lille gr\u00e6spl\u00e6ne og et f\u00e6lles redskabsskur.","_links":{"self":[{"href":"\/home\/wp-json\/wp\/v2\/pages\/267","targetHints":{"allow":["GET"]}}],"collection":[{"href":"\/home\/wp-json\/wp\/v2\/pages"}],"about":[{"href":"\/home\/wp-json\/wp\/v2\/types\/page"}],"author":[{"embeddable":true,"href":"\/home\/wp-json\/wp\/v2\/users\/1"}],"replies":[{"embeddable":true,"href":"\/home\/wp-json\/wp\/v2\/comments?post=267"}],"version-history":[{"count":11,"href":"\/home\/wp-json\/wp\/v2\/pages\/267\/revisions"}],"predecessor-version":[{"id":665,"href":"\/home\/wp-json\/wp\/v2\/pages\/267\/revisions\/665"}],"up":[{"embeddable":true,"href":"\/home\/wp-json\/wp\/v2\/pages\/2"}],"wp:featuredmedia":[{"embeddable":true,"href":"\/home\/wp-json\/wp\/v2\/media\/244"}],"wp:attachment":[{"href":"\/home\/wp-json\/wp\/v2\/media?parent=267"}],"wp:term":[{"taxonomy":"category","embeddable":true,"href":"\/home\/wp-json\/wp\/v2\/categories?post=267"},{"taxonomy":"post_tag","embeddable":true,"href":"\/home\/wp-json\/wp\/v2\/tags?post=267"}],"curies":[{"name":"wp","href":"https:\/\/api.w.org\/{rel}","templated":true}]}}