{"id":253,"date":"2022-02-19T16:12:25","date_gmt":"2022-02-19T15:12:25","guid":{"rendered":"https:\/\/95.128.25.24.aa5d6d21.uncloud.co\/home\/?page_id=253"},"modified":"2023-05-31T15:19:04","modified_gmt":"2023-05-31T14:19:04","slug":"lollandsgade-62","status":"publish","type":"page","link":"\/home\/lejemaal\/lollandsgade-62\/","title":{"rendered":"Lollandsgade 62 (ejendommen)"},"content":{"rendered":"\n<p>Ejendommen Lollandsgade 62 er en klassisk, st\u00f8rre \u00d8-gade-ejendom med to 4-v\u00e6relses lejligheder, en stor 5-v\u00e6relses og en enkelt 2-v\u00e6relses, der alle har originale plankegulve, dannebrogsvinduer og stuklofter her og der. I ejendommens k\u00e6lder er der f\u00e6lles vaskerum, depotrum og lidt plads til cykler. Ejendommen har en privat, hyggelig g\u00e5rd med en lille gr\u00e6spl\u00e6ne.<\/p>\n\n\n<div class=\"wp-block-image\">\n<figure class=\"aligncenter size-large is-resized\"><a href=\"\/home\/wp-content\/uploads\/2022\/02\/lollandsgade_62_st.a.jpg\" data-rel=\"lightbox-gallery-iYkbPpa5\" data-rl_title=\"\" data-rl_caption=\"\" title=\"\"><img loading=\"lazy\" decoding=\"async\" src=\"\/home\/wp-content\/uploads\/2022\/02\/lollandsgade_62_st.a-1024x739.jpg\" alt=\"\" class=\"wp-image-213\" width=\"512\" height=\"370\"\/><\/a><\/figure><\/div>\n\n<div class=\"wp-block-image\">\n<figure class=\"aligncenter size-large is-resized\"><a href=\"\/home\/wp-content\/uploads\/2022\/02\/lollandsgade_62_3j.jpg\" data-rel=\"lightbox-gallery-iYkbPpa5\" data-rl_title=\"\" data-rl_caption=\"\" title=\"\"><img loading=\"lazy\" decoding=\"async\" src=\"\/home\/wp-content\/uploads\/2022\/02\/lollandsgade_62_3j-1024x683.jpg\" alt=\"\" class=\"wp-image-211\" width=\"512\" height=\"342\"\/><\/a><\/figure><\/div>","protected":false},"excerpt":{"rendered":"<p>Ejendommen Lollandsgade 62 er en klassisk, st\u00f8rre \u00d8-gade-ejendom med to 4-v\u00e6relses lejligheder, en stor 5-v\u00e6relses og en enkelt 2-v\u00e6relses, der alle har originale plankegulve, dannebrogsvinduer og stuklofter her og der. I ejendommens k\u00e6lder er der f\u00e6lles vaskerum, depotrum og lidt plads til cykler. Ejendommen har en privat, hyggelig g\u00e5rd med en lille gr\u00e6spl\u00e6ne.<\/p>\n","protected":false},"author":1,"featured_media":213,"parent":2,"menu_order":0,"comment_status":"closed","ping_status":"closed","template":"","meta":{"footnotes":""},"categories":[],"tags":[19,15],"class_list":["post-253","page","type-page","status-publish","has-post-thumbnail","hentry","tag-ledig","tag-lollandsgade-62"],"jetpack_sharing_enabled":true,"featured_image_src":"\/home\/wp-content\/uploads\/2022\/02\/lollandsgade_62_st.a.jpg","featured_image_src_square":"\/home\/wp-content\/uploads\/2022\/02\/lollandsgade_62_st.a.jpg","rttpg_featured_image_url":{"full":["\/home\/wp-content\/uploads\/2022\/02\/lollandsgade_62_st.a.jpg",1453,1049,false],"landscape":["\/home\/wp-content\/uploads\/2022\/02\/lollandsgade_62_st.a.jpg",1453,1049,false],"portraits":["\/home\/wp-content\/uploads\/2022\/02\/lollandsgade_62_st.a.jpg",1453,1049,false],"thumbnail":["\/home\/wp-content\/uploads\/2022\/02\/lollandsgade_62_st.a-150x150.jpg",150,150,true],"medium":["\/home\/wp-content\/uploads\/2022\/02\/lollandsgade_62_st.a-300x217.jpg",300,217,true],"large":["\/home\/wp-content\/uploads\/2022\/02\/lollandsgade_62_st.a-1024x739.jpg",800,577,true],"1536x1536":["\/home\/wp-content\/uploads\/2022\/02\/lollandsgade_62_st.a.jpg",1453,1049,false],"2048x2048":["\/home\/wp-content\/uploads\/2022\/02\/lollandsgade_62_st.a.jpg",1453,1049,false],"ab-block-post-grid-landscape":["\/home\/wp-content\/uploads\/2022\/02\/lollandsgade_62_st.a.jpg",554,400,false],"ab-block-post-grid-square":["\/home\/wp-content\/uploads\/2022\/02\/lollandsgade_62_st.a.jpg",600,433,false],"mailpoet_newsletter_max":["\/home\/wp-content\/uploads\/2022\/02\/lollandsgade_62_st.a.jpg",1320,953,false]},"rttpg_author":{"display_name":"o@origo.io","author_link":"\/home\/author\/oorigo-io\/"},"rttpg_comment":0,"rttpg_category":false,"rttpg_excerpt":"Ejendommen Lollandsgade 62 er en klassisk, st\u00f8rre \u00d8-gade-ejendom med to 4-v\u00e6relses lejligheder, en stor 5-v\u00e6relses og en enkelt 2-v\u00e6relses, der alle har originale plankegulve, dannebrogsvinduer og stuklofter her og der. I ejendommens k\u00e6lder er der f\u00e6lles vaskerum, depotrum og lidt plads til cykler. Ejendommen har en privat, hyggelig g\u00e5rd med en lille gr\u00e6spl\u00e6ne.","_links":{"self":[{"href":"\/home\/wp-json\/wp\/v2\/pages\/253","targetHints":{"allow":["GET"]}}],"collection":[{"href":"\/home\/wp-json\/wp\/v2\/pages"}],"about":[{"href":"\/home\/wp-json\/wp\/v2\/types\/page"}],"author":[{"embeddable":true,"href":"\/home\/wp-json\/wp\/v2\/users\/1"}],"replies":[{"embeddable":true,"href":"\/home\/wp-json\/wp\/v2\/comments?post=253"}],"version-history":[{"count":17,"href":"\/home\/wp-json\/wp\/v2\/pages\/253\/revisions"}],"predecessor-version":[{"id":647,"href":"\/home\/wp-json\/wp\/v2\/pages\/253\/revisions\/647"}],"up":[{"embeddable":true,"href":"\/home\/wp-json\/wp\/v2\/pages\/2"}],"wp:featuredmedia":[{"embeddable":true,"href":"\/home\/wp-json\/wp\/v2\/media\/213"}],"wp:attachment":[{"href":"\/home\/wp-json\/wp\/v2\/media?parent=253"}],"wp:term":[{"taxonomy":"category","embeddable":true,"href":"\/home\/wp-json\/wp\/v2\/categories?post=253"},{"taxonomy":"post_tag","embeddable":true,"href":"\/home\/wp-json\/wp\/v2\/tags?post=253"}],"curies":[{"name":"wp","href":"https:\/\/api.w.org\/{rel}","templated":true}]}}