{"id":2,"date":"2022-02-09T19:21:37","date_gmt":"2022-02-09T18:21:37","guid":{"rendered":"\/home\/?page_id=2"},"modified":"2025-12-29T12:47:16","modified_gmt":"2025-12-29T11:47:16","slug":"lejemaal","status":"publish","type":"page","link":"\/home\/lejemaal\/","title":{"rendered":"Ledige Lejem\u00e5l"},"content":{"rendered":"\n<p>Nedenfor kan du se de lejem\u00e5l vi pt har ledige til udlejning. Hvis du er interesseret i et af lejem\u00e5lene, kan du <a href=\"\/home\/?page_id=33\">booke en tid<\/a> til fremvisning, og se om det er noget for dig.<\/p>\n\n\n\n<h4 class=\"wp-block-heading has-text-color\" id=\"lollandsgade-62\" style=\"color:#424242\">Lollandsgade 62<\/h4>\n\n\n<style type='text\/css' media='all'>#rt-tpg-container-2585669323 .rt-holder .rt-woo-info .price{color:#0367bf;}body .rt-tpg-container .rt-tpg-isotope-buttons .selected,\n\t\t\t\t\t#rt-tpg-container-2585669323 .layout12 .rt-holder:hover .rt-detail,\n\t\t\t\t\t#rt-tpg-container-2585669323 .isotope8 .rt-holder:hover .rt-detail,\n\t\t\t\t\t#rt-tpg-container-2585669323 .carousel8 .rt-holder:hover .rt-detail,\n\t\t\t\t\t#rt-tpg-container-2585669323 .layout13 .rt-holder .overlay .post-info,\n\t\t\t\t\t#rt-tpg-container-2585669323 .isotope9 .rt-holder .overlay .post-info,\n\t\t\t\t\t#rt-tpg-container-2585669323.rt-tpg-container .layout4 .rt-holder .rt-detail,\n\t\t\t\t\t.rt-modal-2585669323 .md-content,\n\t\t\t\t\t.rt-modal-2585669323 .md-content > .rt-md-content-holder .rt-md-content,\n\t\t\t\t\t.rt-popup-wrap-2585669323.rt-popup-wrap .rt-popup-navigation-wrap,\n\t\t\t\t\t#rt-tpg-container-2585669323 .carousel9 .rt-holder .overlay .post-info{background-color:#0367bf;}#rt-tpg-container-2585669323 .layout5 .rt-holder .overlay, #rt-tpg-container-2585669323 .isotope2 .rt-holder .overlay, #rt-tpg-container-2585669323 .carousel2 .rt-holder .overlay,#rt-tpg-container-2585669323 .layout15 .rt-holder h3, #rt-tpg-container-2585669323 .isotope11 .rt-holder h3, #rt-tpg-container-2585669323 .carousel11 .rt-holder h3, #rt-tpg-container-2585669323 .layout16 .rt-holder h3,\n\t\t\t\t\t#rt-tpg-container-2585669323 .isotope12 .rt-holder h3, #rt-tpg-container-2585669323 .carousel12 .rt-holder h3 {background-color:rgba(3,103,191,0.8);}#rt-tpg-container-2585669323 .read-more a{border-radius:px;}#rt-tpg-container-2585669323 .rt-img-holder img.rt-img-responsive,#rt-tpg-container-2585669323 .rt-img-holder,\n\t\t\t\t\t#rt-tpg-container-2585669323 .rt-post-overlay .post-img,\n\t\t\t\t\t#rt-tpg-container-2585669323 .post-sm .post-img,\n\t\t\t\t\t#rt-tpg-container-2585669323 .rt-post-grid .post-img,\n\t\t\t\t\t#rt-tpg-container-2585669323 .post-img img {border-radius:px;}#rt-tpg-container-2585669323 .layout1 .rt-holder h2.entry-title,\n\t\t\t\t\t#rt-tpg-container-2585669323 .layout1 .rt-holder h3.entry-title,\n\t\t\t\t\t#rt-tpg-container-2585669323 .layout1 .rt-holder h4.entry-title,\n\t\t\t\t\t#rt-tpg-container-2585669323 .layout1 .rt-holder h2.entry-title a,\n\t\t\t\t\t#rt-tpg-container-2585669323 .layout1 .rt-holder h3.entry-title a,\n\t\t\t\t\t#rt-tpg-container-2585669323 .layout1 .rt-holder h4.entry-title a,\n\t\t\t\t\t#rt-tpg-container-2585669323 .rt-holder .rt-woo-info h2 a,\n\t\t\t\t\t#rt-tpg-container-2585669323 .rt-holder .rt-woo-info h3 a,\n\t\t\t\t\t#rt-tpg-container-2585669323 .rt-holder .rt-woo-info h4 a,\n\t\t\t\t\t#rt-tpg-container-2585669323 .post-content .post-title,\n\t\t\t\t\t#rt-tpg-container-2585669323 .rt-post-grid .post-title,\n\t\t\t\t\t#rt-tpg-container-2585669323 .rt-post-grid .post-title a,\n\t\t\t\t\t#rt-tpg-container-2585669323 .post-content .post-title a,\n\t\t\t\t\t#rt-tpg-container-2585669323 .rt-holder .rt-woo-info h2,\n\t\t\t\t\t#rt-tpg-container-2585669323 .rt-holder .rt-woo-info h3,\n\t\t\t\t\t#rt-tpg-container-2585669323 .rt-holder .rt-woo-info h4{font-size:20px;line-height:30px;}#rt-tpg-container-2585669323 .post-grid-lg-style-1 .post-title,\n\t\t\t\t\t\t#rt-tpg-container-2585669323 .post-grid-lg-style-1 .post-title a,\n\t\t\t\t\t\t#rt-tpg-container-2585669323 .big-layout .post-title,\n\t\t\t\t\t\t#rt-tpg-container-2585669323 .big-layout .post-title a,\n\t\t\t\t\t\t#rt-tpg-container-2585669323 .post-grid-lg-style-1 .post-title,\n\t\t\t\t\t\t#rt-tpg-container-2585669323 .post-grid-lg-style-1 .post-title a {font-size:28px;line-height:38px;}<\/style><div class='rt-container-fluid rt-tpg-container tpg-shortcode-main-wrapper ' id='rt-tpg-container-2585669323'   data-layout='layout1' data-grid-style='even' data-desktop-col='3'  data-tab-col='2'  data-mobile-col='1' data-sc-id='276'><div data-title='Loading ...' class='rt-row rt-content-loader   layout1 tpg-even '><div class=\"rt-col-md-4 rt-col-sm-6 rt-col-xs-12 even-grid-item rt-grid-item\" data-id=\"253\"><div class=\"rt-holder\"><div class=\"rt-img-holder\"><a data-id=\"253\" class=\"\" href=\"\/home\/lejemaal\/lollandsgade-62\/\"><img loading=\"lazy\" decoding=\"async\" width=\"1453\" height=\"1049\" src=\"\/home\/wp-content\/uploads\/2022\/02\/lollandsgade_62_st.a.jpg\" class=\"rt-img-responsive \" alt=\"\" \/><\/a><\/div><div class='rt-detail'><h3 class=\"entry-title\"><a data-id=\"253\" class=\"\" href=\"\/home\/lejemaal\/lollandsgade-62\/\">Lollandsgade 62 (ejendommen)<\/a><\/h3><div class='tpg-excerpt'>Ejendommen Lollandsgade 62 er en klassisk, st\u00f8rre \u00d8-gade-ejendom med to 4-v\u00e6relses lejligheder, en stor 5-v\u00e6relses og en...<\/div><div class='post-meta '><span class='read-more'><a data-id='253' class='' href='\/home\/lejemaal\/lollandsgade-62\/'>Read More<\/a><\/span><\/div><\/div><\/div><\/div><\/div><\/div>\n\n\n\n<h4 class=\"wp-block-heading has-text-color\" id=\"lollandsgade-62\" style=\"color:#424242\">Falstersgade 47<\/h4>\n\n\n<style type='text\/css' media='all'>#rt-tpg-container-655490380 .rt-holder .rt-woo-info .price{color:#0367bf;}body .rt-tpg-container .rt-tpg-isotope-buttons .selected,\n\t\t\t\t\t#rt-tpg-container-655490380 .layout12 .rt-holder:hover .rt-detail,\n\t\t\t\t\t#rt-tpg-container-655490380 .isotope8 .rt-holder:hover .rt-detail,\n\t\t\t\t\t#rt-tpg-container-655490380 .carousel8 .rt-holder:hover .rt-detail,\n\t\t\t\t\t#rt-tpg-container-655490380 .layout13 .rt-holder .overlay .post-info,\n\t\t\t\t\t#rt-tpg-container-655490380 .isotope9 .rt-holder .overlay .post-info,\n\t\t\t\t\t#rt-tpg-container-655490380.rt-tpg-container .layout4 .rt-holder .rt-detail,\n\t\t\t\t\t.rt-modal-655490380 .md-content,\n\t\t\t\t\t.rt-modal-655490380 .md-content > .rt-md-content-holder .rt-md-content,\n\t\t\t\t\t.rt-popup-wrap-655490380.rt-popup-wrap .rt-popup-navigation-wrap,\n\t\t\t\t\t#rt-tpg-container-655490380 .carousel9 .rt-holder .overlay .post-info{background-color:#0367bf;}#rt-tpg-container-655490380 .layout5 .rt-holder .overlay, #rt-tpg-container-655490380 .isotope2 .rt-holder .overlay, #rt-tpg-container-655490380 .carousel2 .rt-holder .overlay,#rt-tpg-container-655490380 .layout15 .rt-holder h3, #rt-tpg-container-655490380 .isotope11 .rt-holder h3, #rt-tpg-container-655490380 .carousel11 .rt-holder h3, #rt-tpg-container-655490380 .layout16 .rt-holder h3,\n\t\t\t\t\t#rt-tpg-container-655490380 .isotope12 .rt-holder h3, #rt-tpg-container-655490380 .carousel12 .rt-holder h3 {background-color:rgba(3,103,191,0.8);}#rt-tpg-container-655490380 .read-more a{border-radius:px;}#rt-tpg-container-655490380 .rt-img-holder img.rt-img-responsive,#rt-tpg-container-655490380 .rt-img-holder,\n\t\t\t\t\t#rt-tpg-container-655490380 .rt-post-overlay .post-img,\n\t\t\t\t\t#rt-tpg-container-655490380 .post-sm .post-img,\n\t\t\t\t\t#rt-tpg-container-655490380 .rt-post-grid .post-img,\n\t\t\t\t\t#rt-tpg-container-655490380 .post-img img {border-radius:px;}<\/style><div class='rt-container-fluid rt-tpg-container tpg-shortcode-main-wrapper ' id='rt-tpg-container-655490380'   data-layout='layout1' data-grid-style='even' data-desktop-col='3'  data-tab-col='2'  data-mobile-col='1' data-sc-id='297'><div data-title='Loading ...' class='rt-row rt-content-loader   layout1 tpg-even '><div class=\"rt-col-md-4 rt-col-sm-6 rt-col-xs-12 even-grid-item rt-grid-item\" data-id=\"267\"><div class=\"rt-holder\"><div class=\"rt-img-holder\"><a data-id=\"267\" class=\"\" href=\"\/home\/lejemaal\/falstersgade-47\/\"><img loading=\"lazy\" decoding=\"async\" width=\"572\" height=\"730\" src=\"\/home\/wp-content\/uploads\/2022\/02\/Falstersgade_47-facade.jpg\" class=\"rt-img-responsive \" alt=\"\" \/><\/a><\/div><div class='rt-detail'><h3 class=\"entry-title\"><a data-id=\"267\" class=\"\" href=\"\/home\/lejemaal\/falstersgade-47\/\">Falstersgade 47 (ejendommen)<\/a><\/h3><div class='tpg-excerpt'>Falstersgade 47 er en klassisk, mindre \u00d8gade-ejendom med originale plankegulve og dannebrogsvinduer. Ejendommen rummer 5...<\/div><div class='post-meta '><span class='read-more'><a data-id='267' class='' href='\/home\/lejemaal\/falstersgade-47\/'>Read More<\/a><\/span><\/div><\/div><\/div><\/div><\/div><\/div>\n\n\n\n<h4 class=\"wp-block-heading has-text-color\" id=\"lollandsgade-62\" style=\"color:#424242\">Falstersgade 40<\/h4>\n\n\n<style type='text\/css' media='all'>#rt-tpg-container-2822820211 .rt-holder .rt-woo-info .price{color:#0367bf;}body .rt-tpg-container .rt-tpg-isotope-buttons .selected,\n\t\t\t\t\t#rt-tpg-container-2822820211 .layout12 .rt-holder:hover .rt-detail,\n\t\t\t\t\t#rt-tpg-container-2822820211 .isotope8 .rt-holder:hover .rt-detail,\n\t\t\t\t\t#rt-tpg-container-2822820211 .carousel8 .rt-holder:hover .rt-detail,\n\t\t\t\t\t#rt-tpg-container-2822820211 .layout13 .rt-holder .overlay .post-info,\n\t\t\t\t\t#rt-tpg-container-2822820211 .isotope9 .rt-holder .overlay .post-info,\n\t\t\t\t\t#rt-tpg-container-2822820211.rt-tpg-container .layout4 .rt-holder .rt-detail,\n\t\t\t\t\t.rt-modal-2822820211 .md-content,\n\t\t\t\t\t.rt-modal-2822820211 .md-content > .rt-md-content-holder .rt-md-content,\n\t\t\t\t\t.rt-popup-wrap-2822820211.rt-popup-wrap .rt-popup-navigation-wrap,\n\t\t\t\t\t#rt-tpg-container-2822820211 .carousel9 .rt-holder .overlay .post-info{background-color:#0367bf;}#rt-tpg-container-2822820211 .layout5 .rt-holder .overlay, #rt-tpg-container-2822820211 .isotope2 .rt-holder .overlay, #rt-tpg-container-2822820211 .carousel2 .rt-holder .overlay,#rt-tpg-container-2822820211 .layout15 .rt-holder h3, #rt-tpg-container-2822820211 .isotope11 .rt-holder h3, #rt-tpg-container-2822820211 .carousel11 .rt-holder h3, #rt-tpg-container-2822820211 .layout16 .rt-holder h3,\n\t\t\t\t\t#rt-tpg-container-2822820211 .isotope12 .rt-holder h3, #rt-tpg-container-2822820211 .carousel12 .rt-holder h3 {background-color:rgba(3,103,191,0.8);}#rt-tpg-container-2822820211 .read-more a{border-radius:px;}#rt-tpg-container-2822820211 .rt-img-holder img.rt-img-responsive,#rt-tpg-container-2822820211 .rt-img-holder,\n\t\t\t\t\t#rt-tpg-container-2822820211 .rt-post-overlay .post-img,\n\t\t\t\t\t#rt-tpg-container-2822820211 .post-sm .post-img,\n\t\t\t\t\t#rt-tpg-container-2822820211 .rt-post-grid .post-img,\n\t\t\t\t\t#rt-tpg-container-2822820211 .post-img img {border-radius:px;}<\/style><div class='rt-container-fluid rt-tpg-container tpg-shortcode-main-wrapper ' id='rt-tpg-container-2822820211'   data-layout='layout1' data-grid-style='even' data-desktop-col='3'  data-tab-col='2'  data-mobile-col='1' data-sc-id='298'><div data-title='Loading ...' class='rt-row rt-content-loader   layout1 tpg-even '><div class=\"rt-col-md-4 rt-col-sm-6 rt-col-xs-12 even-grid-item rt-grid-item\" data-id=\"268\"><div class=\"rt-holder\"><div class=\"rt-img-holder\"><a data-id=\"268\" class=\"\" href=\"\/home\/lejemaal\/falstersgade-40\/\"><img loading=\"lazy\" decoding=\"async\" width=\"1842\" height=\"1333\" src=\"\/home\/wp-content\/uploads\/2022\/11\/Falstersgade40.jpg\" class=\"rt-img-responsive \" alt=\"\" \/><\/a><\/div><div class='rt-detail'><h3 class=\"entry-title\"><a data-id=\"268\" class=\"\" href=\"\/home\/lejemaal\/falstersgade-40\/\">Falstersgade 40 (ejendommen)<\/a><\/h3><div class='tpg-excerpt'>Ejendommen Falstersgade 40 er en klassisk, mellemstor \u00d8-gade-ejendom med 3 3-v\u00e6relses lejligheder, en 2 1\/2-v\u00e6relses...<\/div><div class='post-meta '><span class='read-more'><a data-id='268' class='' href='\/home\/lejemaal\/falstersgade-40\/'>L\u00e6s mere<\/a><\/span><\/div><\/div><\/div><\/div><div class=\"rt-col-md-4 rt-col-sm-6 rt-col-xs-12 even-grid-item rt-grid-item\" data-id=\"160\"><div class=\"rt-holder\"><div class=\"rt-img-holder\"><a data-id=\"160\" class=\"\" href=\"\/home\/lejemaal\/falstersgade-40\/falstersgade-40-2-sal\/\"><img loading=\"lazy\" decoding=\"async\" width=\"2560\" height=\"1920\" src=\"\/home\/wp-content\/uploads\/2026\/03\/FG40-2_20260321_164043306-scaled.jpg\" class=\"rt-img-responsive \" alt=\"\" \/><\/a><\/div><div class='rt-detail'><h3 class=\"entry-title\"><a data-id=\"160\" class=\"\" href=\"\/home\/lejemaal\/falstersgade-40\/falstersgade-40-2-sal\/\">Falstersgade 40, 2. sal (78 m2)<\/a><\/h3><div class='tpg-excerpt'>Lys og dejlig lejlighed i \u00d8gaderne udlejes med entr\u00e9, to stuer hvoraf den ene har...<\/div><div class='post-meta '><span class='read-more'><a data-id='160' class='' href='\/home\/lejemaal\/falstersgade-40\/falstersgade-40-2-sal\/'>L\u00e6s mere<\/a><\/span><\/div><\/div><\/div><\/div><\/div><\/div>\n\n\n\n\n\n\n\n<hr class=\"wp-block-separator has-alpha-channel-opacity is-style-dots\"\/>\n\n\n\n<p><br><\/p>\n","protected":false},"excerpt":{"rendered":"<p>Nedenfor kan du se de lejem\u00e5l vi pt har ledige til udlejning. Hvis du er interesseret i et af lejem\u00e5lene, kan du booke en tid til fremvisning, og se om det er noget for dig. Lollandsgade 62 Falstersgade 47 Falstersgade 40<\/p>\n","protected":false},"author":1,"featured_media":0,"parent":0,"menu_order":0,"comment_status":"closed","ping_status":"closed","template":"","meta":{"footnotes":""},"categories":[],"tags":[],"class_list":["post-2","page","type-page","status-publish","hentry"],"jetpack_sharing_enabled":true,"featured_image_src":null,"featured_image_src_square":null,"rttpg_featured_image_url":null,"rttpg_author":{"display_name":"o@origo.io","author_link":"\/home\/author\/oorigo-io\/"},"rttpg_comment":0,"rttpg_category":false,"rttpg_excerpt":"Nedenfor kan du se de lejem\u00e5l vi pt har ledige til udlejning. Hvis du er interesseret i et af lejem\u00e5lene, kan du booke en tid til fremvisning, og se om det er noget for dig. Lollandsgade 62 Falstersgade 47 Falstersgade 40","_links":{"self":[{"href":"\/home\/wp-json\/wp\/v2\/pages\/2","targetHints":{"allow":["GET"]}}],"collection":[{"href":"\/home\/wp-json\/wp\/v2\/pages"}],"about":[{"href":"\/home\/wp-json\/wp\/v2\/types\/page"}],"author":[{"embeddable":true,"href":"\/home\/wp-json\/wp\/v2\/users\/1"}],"replies":[{"embeddable":true,"href":"\/home\/wp-json\/wp\/v2\/comments?post=2"}],"version-history":[{"count":73,"href":"\/home\/wp-json\/wp\/v2\/pages\/2\/revisions"}],"predecessor-version":[{"id":825,"href":"\/home\/wp-json\/wp\/v2\/pages\/2\/revisions\/825"}],"wp:attachment":[{"href":"\/home\/wp-json\/wp\/v2\/media?parent=2"}],"wp:term":[{"taxonomy":"category","embeddable":true,"href":"\/home\/wp-json\/wp\/v2\/categories?post=2"},{"taxonomy":"post_tag","embeddable":true,"href":"\/home\/wp-json\/wp\/v2\/tags?post=2"}],"curies":[{"name":"wp","href":"https:\/\/api.w.org\/{rel}","templated":true}]}}