{"id":162,"date":"2022-02-18T18:56:37","date_gmt":"2022-02-18T17:56:37","guid":{"rendered":"https:\/\/95.128.25.24.aa5d6d21.uncloud.co\/home\/?page_id=162"},"modified":"2026-02-08T13:36:04","modified_gmt":"2026-02-08T12:36:04","slug":"falstersgade-40-4-sal","status":"publish","type":"page","link":"\/home\/lejemaal\/falstersgade-40\/falstersgade-40-4-sal\/","title":{"rendered":"Falstersgade 40, 4. sal (61 m2)"},"content":{"rendered":"\n<p>Hyggelig lejlighed i \u00d8gaderne udlejes med entr\u00e9, stort k\u00f8kken-alrum, roligt sovev\u00e6relse mod g\u00e5rd og rummeligt badev\u00e6relse.<br>Lejligheden ligger p\u00e5 \u00f8verste etage i en rigtig hyggelig og velfungerende ejendom med et dejligt g\u00e5rdmilj\u00f8.<br>Lejligheden er ikke dele-venlig, men er rigtig god til et k\u00e6restepar, der \u00f8nsker at bo sammen i et hyggeligt kvarter.<br>Book en tid til fremvisning <a href=\"\/home\/book-fremvisning\/\" data-type=\"page\" data-id=\"33\">her<\/a>.<\/p>\n\n\n\n<figure class=\"wp-block-gallery has-nested-images columns-default is-cropped wp-block-gallery-1 is-layout-flex wp-block-gallery-is-layout-flex\">\n<figure class=\"wp-block-image size-large\"><a href=\"\/home\/wp-content\/uploads\/2022\/11\/hoveddoer-scaled.jpg\" data-rel=\"lightbox-gallery-RLbcGWar\" data-rl_title=\"\" data-rl_caption=\"\" title=\"\"><img loading=\"lazy\" decoding=\"async\" width=\"768\" height=\"1024\" data-id=\"556\" src=\"\/home\/wp-content\/uploads\/2022\/11\/hoveddoer-768x1024.jpg\" alt=\"\" class=\"wp-image-556\"\/><\/a><figcaption class=\"wp-element-caption\">Hovedd\u00f8r<\/figcaption><\/figure>\n\n\n\n<figure class=\"wp-block-image size-large\"><a href=\"\/home\/wp-content\/uploads\/2022\/11\/koekken-scaled.jpg\" data-rel=\"lightbox-gallery-RLbcGWar\" data-rl_title=\"\" data-rl_caption=\"\" title=\"\"><img loading=\"lazy\" decoding=\"async\" width=\"1024\" height=\"768\" data-id=\"558\" src=\"\/home\/wp-content\/uploads\/2022\/11\/koekken-1024x768.jpg\" alt=\"\" class=\"wp-image-558\"\/><\/a><figcaption class=\"wp-element-caption\">K\u00f8kken<\/figcaption><\/figure>\n\n\n\n<figure class=\"wp-block-image size-large\"><a href=\"\/home\/wp-content\/uploads\/2022\/11\/koekken2-scaled.jpg\" data-rel=\"lightbox-gallery-RLbcGWar\" data-rl_title=\"\" data-rl_caption=\"\" title=\"\"><img loading=\"lazy\" decoding=\"async\" width=\"768\" height=\"1024\" data-id=\"555\" src=\"\/home\/wp-content\/uploads\/2022\/11\/koekken2-768x1024.jpg\" alt=\"\" class=\"wp-image-555\"\/><\/a><figcaption class=\"wp-element-caption\">K\u00f8kken<\/figcaption><\/figure>\n\n\n\n<figure class=\"wp-block-image size-large\"><a href=\"\/home\/wp-content\/uploads\/2022\/11\/sovevaerelse-scaled.jpg\" data-rel=\"lightbox-gallery-RLbcGWar\" data-rl_title=\"\" data-rl_caption=\"\" title=\"\"><img loading=\"lazy\" decoding=\"async\" width=\"768\" height=\"1024\" data-id=\"557\" src=\"\/home\/wp-content\/uploads\/2022\/11\/sovevaerelse-768x1024.jpg\" alt=\"\" class=\"wp-image-557\"\/><\/a><figcaption class=\"wp-element-caption\">Sovev\u00e6relse<\/figcaption><\/figure>\n\n\n\n<figure class=\"wp-block-image size-large\"><a href=\"\/home\/wp-content\/uploads\/2022\/11\/stue-scaled.jpg\" data-rel=\"lightbox-gallery-RLbcGWar\" data-rl_title=\"\" data-rl_caption=\"\" title=\"\"><img loading=\"lazy\" decoding=\"async\" width=\"1024\" height=\"768\" data-id=\"560\" src=\"\/home\/wp-content\/uploads\/2022\/11\/stue-1024x768.jpg\" alt=\"\" class=\"wp-image-560\"\/><\/a><figcaption class=\"wp-element-caption\">stue<\/figcaption><\/figure>\n\n\n\n<figure class=\"wp-block-image size-large\"><a href=\"\/home\/wp-content\/uploads\/2022\/11\/bad-scaled.jpg\" data-rel=\"lightbox-gallery-RLbcGWar\" data-rl_title=\"\" data-rl_caption=\"\" title=\"\"><img loading=\"lazy\" decoding=\"async\" width=\"768\" height=\"1024\" data-id=\"559\" src=\"\/home\/wp-content\/uploads\/2022\/11\/bad-768x1024.jpg\" alt=\"\" class=\"wp-image-559\"\/><\/a><figcaption class=\"wp-element-caption\">Badev\u00e6relse<\/figcaption><\/figure>\n<\/figure>\n\n\n\n<div style=\"color:#32373c;background-color:#209cef\" class=\"wp-block-atomic-blocks-ab-notice ab-font-size-18 ab-block-notice\" data-id=\"4059b0\"><div class=\"ab-notice-title\" style=\"color:#fff\"><p>Info<\/p><\/div><div class=\"ab-notice-text\" style=\"border-color:#209cef\"><p>Lejligheden er ledig per 1\/7-2023.<br\/>Den m\u00e5nedlige husleje er 8.350 kr.<br\/>De m\u00e5nedlige aconto-udgifter er 350 kr. til varme.<br\/>Der betales 2 m\u00e5neders leje i depositum og 1 m\u00e5neds leje i forudbetalt leje.<\/p><\/div><\/div>\n\n\n","protected":false},"excerpt":{"rendered":"<p>Hyggelig lejlighed i \u00d8gaderne udlejes med entr\u00e9, stort k\u00f8kken-alrum, roligt sovev\u00e6relse mod g\u00e5rd og rummeligt badev\u00e6relse.Lejligheden ligger p\u00e5 \u00f8verste etage i en rigtig hyggelig og velfungerende ejendom med et dejligt g\u00e5rdmilj\u00f8.Lejligheden er ikke dele-venlig, men er rigtig god til et k\u00e6restepar, der \u00f8nsker at bo sammen i et hyggeligt kvarter.Book en tid til fremvisning her.<\/p>\n","protected":false},"author":1,"featured_media":558,"parent":268,"menu_order":4,"comment_status":"closed","ping_status":"closed","template":"","meta":{"footnotes":""},"categories":[],"tags":[17],"class_list":["post-162","page","type-page","status-publish","has-post-thumbnail","hentry","tag-falstersgade-40"],"jetpack_sharing_enabled":true,"featured_image_src":"\/home\/wp-content\/uploads\/2022\/11\/koekken-600x400.jpg","featured_image_src_square":"\/home\/wp-content\/uploads\/2022\/11\/koekken-600x600.jpg","rttpg_featured_image_url":{"full":["\/home\/wp-content\/uploads\/2022\/11\/koekken-scaled.jpg",2560,1920,false],"landscape":["\/home\/wp-content\/uploads\/2022\/11\/koekken-scaled.jpg",2560,1920,false],"portraits":["\/home\/wp-content\/uploads\/2022\/11\/koekken-scaled.jpg",2560,1920,false],"thumbnail":["\/home\/wp-content\/uploads\/2022\/11\/koekken-150x150.jpg",150,150,true],"medium":["\/home\/wp-content\/uploads\/2022\/11\/koekken-300x225.jpg",300,225,true],"large":["\/home\/wp-content\/uploads\/2022\/11\/koekken-1024x768.jpg",800,600,true],"1536x1536":["\/home\/wp-content\/uploads\/2022\/11\/koekken-1536x1152.jpg",1536,1152,true],"2048x2048":["\/home\/wp-content\/uploads\/2022\/11\/koekken-2048x1536.jpg",2048,1536,true],"ab-block-post-grid-landscape":["\/home\/wp-content\/uploads\/2022\/11\/koekken-600x400.jpg",600,400,true],"ab-block-post-grid-square":["\/home\/wp-content\/uploads\/2022\/11\/koekken-600x600.jpg",600,600,true],"mailpoet_newsletter_max":["\/home\/wp-content\/uploads\/2022\/11\/koekken-1320x990.jpg",1320,990,true]},"rttpg_author":{"display_name":"o@origo.io","author_link":"\/home\/author\/oorigo-io\/"},"rttpg_comment":0,"rttpg_category":false,"rttpg_excerpt":"Hyggelig lejlighed i \u00d8gaderne udlejes med entr\u00e9, stort k\u00f8kken-alrum, roligt sovev\u00e6relse mod g\u00e5rd og rummeligt badev\u00e6relse.Lejligheden ligger p\u00e5 \u00f8verste etage i en rigtig hyggelig og velfungerende ejendom med et dejligt g\u00e5rdmilj\u00f8.Lejligheden er ikke dele-venlig, men er rigtig god til et k\u00e6restepar, der \u00f8nsker at bo sammen i et hyggeligt kvarter.Book en tid til fremvisning her.","_links":{"self":[{"href":"\/home\/wp-json\/wp\/v2\/pages\/162","targetHints":{"allow":["GET"]}}],"collection":[{"href":"\/home\/wp-json\/wp\/v2\/pages"}],"about":[{"href":"\/home\/wp-json\/wp\/v2\/types\/page"}],"author":[{"embeddable":true,"href":"\/home\/wp-json\/wp\/v2\/users\/1"}],"replies":[{"embeddable":true,"href":"\/home\/wp-json\/wp\/v2\/comments?post=162"}],"version-history":[{"count":26,"href":"\/home\/wp-json\/wp\/v2\/pages\/162\/revisions"}],"predecessor-version":[{"id":832,"href":"\/home\/wp-json\/wp\/v2\/pages\/162\/revisions\/832"}],"up":[{"embeddable":true,"href":"\/home\/wp-json\/wp\/v2\/pages\/268"}],"wp:featuredmedia":[{"embeddable":true,"href":"\/home\/wp-json\/wp\/v2\/media\/558"}],"wp:attachment":[{"href":"\/home\/wp-json\/wp\/v2\/media?parent=162"}],"wp:term":[{"taxonomy":"category","embeddable":true,"href":"\/home\/wp-json\/wp\/v2\/categories?post=162"},{"taxonomy":"post_tag","embeddable":true,"href":"\/home\/wp-json\/wp\/v2\/tags?post=162"}],"curies":[{"name":"wp","href":"https:\/\/api.w.org\/{rel}","templated":true}]}}