{"id":161,"date":"2022-02-18T18:56:37","date_gmt":"2022-02-18T17:56:37","guid":{"rendered":"https:\/\/95.128.25.24.aa5d6d21.uncloud.co\/home\/?page_id=161"},"modified":"2026-03-21T15:21:03","modified_gmt":"2026-03-21T14:21:03","slug":"falstersgade-40-3-sal","status":"publish","type":"page","link":"\/home\/lejemaal\/falstersgade-40\/falstersgade-40-3-sal\/","title":{"rendered":"Falstersgade 40, 3. sal (78 m2)"},"content":{"rendered":"\n<p>Hyggelig lejlighed i \u00d8gaderne udlejes med entr\u00e9, to stuer hvoraf den ene har hyggelig br\u00e6ndeovn, et rummeligt k\u00f8kken, roligt sovev\u00e6relse mod g\u00e5rd og et velindrettet badev\u00e6relse.<br>Lejligheden ligger i en rigtig hyggelig og velfungerende ejendom med et godt g\u00e5rdmilj\u00f8.<br>Lejligheden er ikke dele-venlig, men er rigtig god til et k\u00e6restepar, der \u00f8nsker at bo sammen i et hyggeligt kvarter.<\/p>\n\n\n\n<figure class=\"wp-block-gallery has-nested-images columns-default is-cropped wp-block-gallery-1 is-layout-flex wp-block-gallery-is-layout-flex\">\n<figure class=\"wp-block-image size-large\"><a href=\"\/home\/wp-content\/uploads\/2022\/11\/hoveddoer-1-scaled.jpg\" data-rel=\"lightbox-gallery-m5OxoE24\" data-rl_title=\"\" data-rl_caption=\"\" title=\"\"><img loading=\"lazy\" decoding=\"async\" width=\"768\" height=\"1024\" data-id=\"581\" src=\"\/home\/wp-content\/uploads\/2022\/11\/hoveddoer-1-768x1024.jpg\" alt=\"\" class=\"wp-image-581\"\/><\/a><figcaption class=\"wp-element-caption\">Hovedd\u00f8r<\/figcaption><\/figure>\n\n\n\n<figure class=\"wp-block-image size-large\"><a href=\"\/home\/wp-content\/uploads\/2022\/11\/koekken-1-scaled.jpg\" data-rel=\"lightbox-gallery-m5OxoE24\" data-rl_title=\"\" data-rl_caption=\"\" title=\"\"><img loading=\"lazy\" decoding=\"async\" width=\"768\" height=\"1024\" data-id=\"577\" src=\"\/home\/wp-content\/uploads\/2022\/11\/koekken-1-768x1024.jpg\" alt=\"\" class=\"wp-image-577\"\/><\/a><figcaption class=\"wp-element-caption\">K\u00f8kken<\/figcaption><\/figure>\n\n\n\n<figure class=\"wp-block-image size-large\"><a href=\"\/home\/wp-content\/uploads\/2022\/11\/sovevaerelse-1-scaled.jpg\" data-rel=\"lightbox-gallery-m5OxoE24\" data-rl_title=\"\" data-rl_caption=\"\" title=\"\"><img loading=\"lazy\" decoding=\"async\" width=\"1024\" height=\"768\" data-id=\"580\" src=\"\/home\/wp-content\/uploads\/2022\/11\/sovevaerelse-1-1024x768.jpg\" alt=\"\" class=\"wp-image-580\"\/><\/a><figcaption class=\"wp-element-caption\">Sovev\u00e6relse<\/figcaption><\/figure>\n\n\n\n<figure class=\"wp-block-image size-large\"><a href=\"\/home\/wp-content\/uploads\/2022\/11\/stue-1-scaled.jpg\" data-rel=\"lightbox-gallery-m5OxoE24\" data-rl_title=\"\" data-rl_caption=\"\" title=\"\"><img loading=\"lazy\" decoding=\"async\" width=\"1024\" height=\"768\" data-id=\"576\" src=\"\/home\/wp-content\/uploads\/2022\/11\/stue-1-1024x768.jpg\" alt=\"\" class=\"wp-image-576\"\/><\/a><figcaption class=\"wp-element-caption\">Spisestue<\/figcaption><\/figure>\n\n\n\n<figure class=\"wp-block-image size-large\"><a href=\"\/home\/wp-content\/uploads\/2022\/11\/stuer3-scaled.jpg\" data-rel=\"lightbox-gallery-m5OxoE24\" data-rl_title=\"\" data-rl_caption=\"\" title=\"\"><img loading=\"lazy\" decoding=\"async\" width=\"1024\" height=\"768\" data-id=\"582\" src=\"\/home\/wp-content\/uploads\/2022\/11\/stuer3-1024x768.jpg\" alt=\"\" class=\"wp-image-582\"\/><\/a><figcaption class=\"wp-element-caption\">Stuer<\/figcaption><\/figure>\n\n\n\n<figure class=\"wp-block-image size-large\"><a href=\"\/home\/wp-content\/uploads\/2022\/11\/bad-1-scaled.jpg\" data-rel=\"lightbox-gallery-m5OxoE24\" data-rl_title=\"\" data-rl_caption=\"\" title=\"\"><img loading=\"lazy\" decoding=\"async\" width=\"768\" height=\"1024\" data-id=\"579\" src=\"\/home\/wp-content\/uploads\/2022\/11\/bad-1-768x1024.jpg\" alt=\"\" class=\"wp-image-579\"\/><\/a><figcaption class=\"wp-element-caption\">Badev\u00e6relse<\/figcaption><\/figure>\n\n\n\n<figure class=\"wp-block-image size-large\"><a href=\"\/home\/wp-content\/uploads\/2022\/11\/stuer2-scaled.jpg\" data-rel=\"lightbox-gallery-m5OxoE24\" data-rl_title=\"\" data-rl_caption=\"\" title=\"\"><img loading=\"lazy\" decoding=\"async\" width=\"1024\" height=\"768\" data-id=\"583\" src=\"\/home\/wp-content\/uploads\/2022\/11\/stuer2-1024x768.jpg\" alt=\"\" class=\"wp-image-583\"\/><\/a><figcaption class=\"wp-element-caption\">Stuer<\/figcaption><\/figure>\n<\/figure>\n\n\n\n<div style=\"color:#32373c;background-color:#209cef\" class=\"wp-block-atomic-blocks-ab-notice ab-font-size-18 ab-block-notice\" data-id=\"4059b0\"><div class=\"ab-notice-title\" style=\"color:#fff\"><p>Info<\/p><\/div><div class=\"ab-notice-text\" style=\"border-color:#209cef\"><p>Lejligheden er ledig per 1\/1-2025.<br\/>Den m\u00e5nedlige husleje er 9.600 kr.<br\/>De m\u00e5nedlige aconto-udgifter er 400 kr. til varme.<br\/>Der betales 2 m\u00e5neders leje i depositum og 1 m\u00e5neds leje i forudbetalt leje.<\/p><\/div><\/div>\n","protected":false},"excerpt":{"rendered":"<p>Hyggelig lejlighed i \u00d8gaderne udlejes med entr\u00e9, to stuer hvoraf den ene har hyggelig br\u00e6ndeovn, et rummeligt k\u00f8kken, roligt sovev\u00e6relse mod g\u00e5rd og et velindrettet badev\u00e6relse.Lejligheden ligger i en rigtig hyggelig og velfungerende ejendom med et godt g\u00e5rdmilj\u00f8.Lejligheden er ikke dele-venlig, men er rigtig god til et k\u00e6restepar, der \u00f8nsker at bo sammen i et [&hellip;]<\/p>\n","protected":false},"author":1,"featured_media":578,"parent":268,"menu_order":3,"comment_status":"closed","ping_status":"closed","template":"","meta":{"footnotes":""},"categories":[],"tags":[17],"class_list":["post-161","page","type-page","status-publish","has-post-thumbnail","hentry","tag-falstersgade-40"],"jetpack_sharing_enabled":true,"featured_image_src":"\/home\/wp-content\/uploads\/2022\/11\/stuer-600x400.jpg","featured_image_src_square":"\/home\/wp-content\/uploads\/2022\/11\/stuer-600x600.jpg","rttpg_featured_image_url":{"full":["\/home\/wp-content\/uploads\/2022\/11\/stuer-scaled.jpg",1920,2560,false],"landscape":["\/home\/wp-content\/uploads\/2022\/11\/stuer-scaled.jpg",1920,2560,false],"portraits":["\/home\/wp-content\/uploads\/2022\/11\/stuer-scaled.jpg",1920,2560,false],"thumbnail":["\/home\/wp-content\/uploads\/2022\/11\/stuer-150x150.jpg",150,150,true],"medium":["\/home\/wp-content\/uploads\/2022\/11\/stuer-225x300.jpg",225,300,true],"large":["\/home\/wp-content\/uploads\/2022\/11\/stuer-768x1024.jpg",768,1024,true],"1536x1536":["\/home\/wp-content\/uploads\/2022\/11\/stuer-1152x1536.jpg",1152,1536,true],"2048x2048":["\/home\/wp-content\/uploads\/2022\/11\/stuer-1536x2048.jpg",1536,2048,true],"ab-block-post-grid-landscape":["\/home\/wp-content\/uploads\/2022\/11\/stuer-600x400.jpg",600,400,true],"ab-block-post-grid-square":["\/home\/wp-content\/uploads\/2022\/11\/stuer-600x600.jpg",600,600,true],"mailpoet_newsletter_max":["\/home\/wp-content\/uploads\/2022\/11\/stuer-1320x1760.jpg",1320,1760,true]},"rttpg_author":{"display_name":"o@origo.io","author_link":"\/home\/author\/oorigo-io\/"},"rttpg_comment":0,"rttpg_category":false,"rttpg_excerpt":"Hyggelig lejlighed i \u00d8gaderne udlejes med entr\u00e9, to stuer hvoraf den ene har hyggelig br\u00e6ndeovn, et rummeligt k\u00f8kken, roligt sovev\u00e6relse mod g\u00e5rd og et velindrettet badev\u00e6relse.Lejligheden ligger i en rigtig hyggelig og velfungerende ejendom med et godt g\u00e5rdmilj\u00f8.Lejligheden er ikke dele-venlig, men er rigtig god til et k\u00e6restepar, der \u00f8nsker at bo sammen i et&hellip;","_links":{"self":[{"href":"\/home\/wp-json\/wp\/v2\/pages\/161","targetHints":{"allow":["GET"]}}],"collection":[{"href":"\/home\/wp-json\/wp\/v2\/pages"}],"about":[{"href":"\/home\/wp-json\/wp\/v2\/types\/page"}],"author":[{"embeddable":true,"href":"\/home\/wp-json\/wp\/v2\/users\/1"}],"replies":[{"embeddable":true,"href":"\/home\/wp-json\/wp\/v2\/comments?post=161"}],"version-history":[{"count":15,"href":"\/home\/wp-json\/wp\/v2\/pages\/161\/revisions"}],"predecessor-version":[{"id":843,"href":"\/home\/wp-json\/wp\/v2\/pages\/161\/revisions\/843"}],"up":[{"embeddable":true,"href":"\/home\/wp-json\/wp\/v2\/pages\/268"}],"wp:featuredmedia":[{"embeddable":true,"href":"\/home\/wp-json\/wp\/v2\/media\/578"}],"wp:attachment":[{"href":"\/home\/wp-json\/wp\/v2\/media?parent=161"}],"wp:term":[{"taxonomy":"category","embeddable":true,"href":"\/home\/wp-json\/wp\/v2\/categories?post=161"},{"taxonomy":"post_tag","embeddable":true,"href":"\/home\/wp-json\/wp\/v2\/tags?post=161"}],"curies":[{"name":"wp","href":"https:\/\/api.w.org\/{rel}","templated":true}]}}