{"id":160,"date":"2022-02-18T18:56:37","date_gmt":"2022-02-18T17:56:37","guid":{"rendered":"https:\/\/95.128.25.24.aa5d6d21.uncloud.co\/home\/?page_id=160"},"modified":"2026-03-22T13:05:27","modified_gmt":"2026-03-22T12:05:27","slug":"falstersgade-40-2-sal","status":"publish","type":"page","link":"\/home\/lejemaal\/falstersgade-40\/falstersgade-40-2-sal\/","title":{"rendered":"Falstersgade 40, 2. sal (78 m2)"},"content":{"rendered":"\n<p>Lys og dejlig lejlighed i \u00d8gaderne udlejes med entr\u00e9, to stuer hvoraf den ene har hyggelig br\u00e6ndeovn, et rummeligt k\u00f8kken, roligt sovev\u00e6relse mod g\u00e5rd og et velindrettet badev\u00e6relse.<br>Lejligheden ligger i en hyggelig og velfungerende ejendom med et dejligt g\u00e5rdmilj\u00f8.<br>Lejligheden er ikke dele-venlig, men er rigtig god til et k\u00e6restepar, der \u00f8nsker at bo sammen i et roligt kvarter.<\/p>\n\n\n\n<figure class=\"wp-block-gallery has-nested-images columns-default is-cropped wp-block-gallery-1 is-layout-flex wp-block-gallery-is-layout-flex\">\n<figure class=\"wp-block-image size-large\"><a href=\"\/home\/wp-content\/uploads\/2022\/11\/hoveddoer-1-scaled.jpg\" data-rel=\"lightbox-gallery-9ffaViW0\" data-rl_title=\"\" data-rl_caption=\"\" title=\"\"><img loading=\"lazy\" decoding=\"async\" width=\"768\" height=\"1024\" data-id=\"581\" src=\"\/home\/wp-content\/uploads\/2022\/11\/hoveddoer-1-768x1024.jpg\" alt=\"\" class=\"wp-image-581\"\/><\/a><figcaption class=\"wp-element-caption\">Hovedd\u00f8r<\/figcaption><\/figure>\n\n\n\n<figure class=\"wp-block-image size-large\"><a href=\"\/home\/wp-content\/uploads\/2026\/03\/FG40-2_20260321_164031530-scaled.jpg\" data-rel=\"lightbox-gallery-9ffaViW0\" data-rl_title=\"\" data-rl_caption=\"\" title=\"\"><img loading=\"lazy\" decoding=\"async\" width=\"1024\" height=\"768\" data-id=\"847\" src=\"\/home\/wp-content\/uploads\/2026\/03\/FG40-2_20260321_164031530-1024x768.jpg\" alt=\"\" class=\"wp-image-847\"\/><\/a><figcaption class=\"wp-element-caption\">Stuer<\/figcaption><\/figure>\n\n\n\n<figure class=\"wp-block-image size-large\"><a href=\"\/home\/wp-content\/uploads\/2026\/03\/FG40-2_20260205_081819082-scaled.jpg\" data-rel=\"lightbox-gallery-9ffaViW0\" data-rl_title=\"\" data-rl_caption=\"\" title=\"\"><img loading=\"lazy\" decoding=\"async\" width=\"768\" height=\"1024\" data-id=\"834\" src=\"\/home\/wp-content\/uploads\/2026\/03\/FG40-2_20260205_081819082-768x1024.jpg\" alt=\"\" class=\"wp-image-834\"\/><\/a><figcaption class=\"wp-element-caption\">K\u00f8kken<\/figcaption><\/figure>\n\n\n\n<figure class=\"wp-block-image size-large\"><a href=\"\/home\/wp-content\/uploads\/2026\/03\/FG40-2_20260321_164302236-scaled.jpg\" data-rel=\"lightbox-gallery-9ffaViW0\" data-rl_title=\"\" data-rl_caption=\"\" title=\"\"><img loading=\"lazy\" decoding=\"async\" width=\"768\" height=\"1024\" data-id=\"853\" src=\"\/home\/wp-content\/uploads\/2026\/03\/FG40-2_20260321_164302236-768x1024.jpg\" alt=\"\" class=\"wp-image-853\"\/><\/a><figcaption class=\"wp-element-caption\">Sovev\u00e6relse<\/figcaption><\/figure>\n\n\n\n<figure class=\"wp-block-image size-large\"><a href=\"\/home\/wp-content\/uploads\/2026\/03\/FG40-2_20260205_081842426-scaled.jpg\" data-rel=\"lightbox-gallery-9ffaViW0\" data-rl_title=\"\" data-rl_caption=\"\" title=\"\"><img loading=\"lazy\" decoding=\"async\" width=\"768\" height=\"1024\" data-id=\"836\" src=\"\/home\/wp-content\/uploads\/2026\/03\/FG40-2_20260205_081842426-768x1024.jpg\" alt=\"\" class=\"wp-image-836\"\/><\/a><figcaption class=\"wp-element-caption\">Stue 1<\/figcaption><\/figure>\n\n\n\n<figure class=\"wp-block-image size-large\"><a href=\"\/home\/wp-content\/uploads\/2026\/03\/FG40-2_20260205_081917749-scaled.jpg\" data-rel=\"lightbox-gallery-9ffaViW0\" data-rl_title=\"\" data-rl_caption=\"\" title=\"\"><img loading=\"lazy\" decoding=\"async\" width=\"1024\" height=\"768\" data-id=\"837\" src=\"\/home\/wp-content\/uploads\/2026\/03\/FG40-2_20260205_081917749-1024x768.jpg\" alt=\"\" class=\"wp-image-837\"\/><\/a><figcaption class=\"wp-element-caption\">Stue2<\/figcaption><\/figure>\n\n\n\n<figure class=\"wp-block-image size-large\"><a href=\"\/home\/wp-content\/uploads\/2026\/03\/FG40-2_20260205_081947055-scaled.jpg\" data-rel=\"lightbox-gallery-9ffaViW0\" data-rl_title=\"\" data-rl_caption=\"\" title=\"\"><img loading=\"lazy\" decoding=\"async\" width=\"768\" height=\"1024\" data-id=\"839\" src=\"\/home\/wp-content\/uploads\/2026\/03\/FG40-2_20260205_081947055-768x1024.jpg\" alt=\"\" class=\"wp-image-839\"\/><\/a><figcaption class=\"wp-element-caption\">Badev\u00e6relse<\/figcaption><\/figure>\n\n\n\n<figure class=\"wp-block-image size-large\"><a href=\"\/home\/wp-content\/uploads\/2026\/03\/FG40-2_20260321_164151076-scaled.jpg\" data-rel=\"lightbox-gallery-9ffaViW0\" data-rl_title=\"\" data-rl_caption=\"\" title=\"\"><img loading=\"lazy\" decoding=\"async\" width=\"1024\" height=\"768\" data-id=\"851\" src=\"\/home\/wp-content\/uploads\/2026\/03\/FG40-2_20260321_164151076-1024x768.jpg\" alt=\"\" class=\"wp-image-851\"\/><\/a><figcaption class=\"wp-element-caption\">Br\u00e6ndeovn<\/figcaption><\/figure>\n\n\n\n<figure class=\"wp-block-image size-large\"><a href=\"\/home\/wp-content\/uploads\/2026\/03\/FG40-2_20260321_164043306-scaled.jpg\" data-rel=\"lightbox-gallery-9ffaViW0\" data-rl_title=\"\" data-rl_caption=\"\" title=\"\"><img loading=\"lazy\" decoding=\"async\" width=\"1024\" height=\"768\" data-id=\"848\" src=\"\/home\/wp-content\/uploads\/2026\/03\/FG40-2_20260321_164043306-1024x768.jpg\" alt=\"\" class=\"wp-image-848\"\/><\/a><figcaption class=\"wp-element-caption\">Stuer<\/figcaption><\/figure>\n\n\n\n<figure class=\"wp-block-image size-large\"><a href=\"\/home\/wp-content\/uploads\/2026\/03\/FG40-2_20260321_164326185-scaled.jpg\" data-rel=\"lightbox-gallery-9ffaViW0\" data-rl_title=\"\" data-rl_caption=\"\" title=\"\"><img loading=\"lazy\" decoding=\"async\" width=\"768\" height=\"1024\" data-id=\"854\" src=\"\/home\/wp-content\/uploads\/2026\/03\/FG40-2_20260321_164326185-768x1024.jpg\" alt=\"\" class=\"wp-image-854\"\/><\/a><figcaption class=\"wp-element-caption\">Mellemgang<\/figcaption><\/figure>\n\n\n\n<figure class=\"wp-block-image size-large\"><a href=\"\/home\/wp-content\/uploads\/2026\/03\/FG40-2_20260205_081934459-scaled.jpg\" data-rel=\"lightbox-gallery-9ffaViW0\" data-rl_title=\"\" data-rl_caption=\"\" title=\"\"><img loading=\"lazy\" decoding=\"async\" width=\"768\" height=\"1024\" data-id=\"838\" src=\"\/home\/wp-content\/uploads\/2026\/03\/FG40-2_20260205_081934459-768x1024.jpg\" alt=\"\" class=\"wp-image-838\"\/><\/a><figcaption class=\"wp-element-caption\">Mellemgang<\/figcaption><\/figure>\n<\/figure>\n\n\n\n<div style=\"color:#32373c;background-color:#209cef\" class=\"wp-block-atomic-blocks-ab-notice ab-font-size-18 ab-block-notice\" data-id=\"4059b0\"><div class=\"ab-notice-title\" style=\"color:#fff\"><p>Info<\/p><\/div><div class=\"ab-notice-text\" style=\"border-color:#209cef\"><p>Lejligheden er ledig per 16\/4-2026.<br\/>Den m\u00e5nedlige husleje er 9.600 kr.<br\/>De m\u00e5nedlige aconto-udgifter er 400 kr. til varme.<br\/>Der betales 2 m\u00e5neders leje i depositum og 1 m\u00e5neds leje i forudbetalt leje.<\/p><\/div><\/div>\n","protected":false},"excerpt":{"rendered":"<p>Lys og dejlig lejlighed i \u00d8gaderne udlejes med entr\u00e9, to stuer hvoraf den ene har hyggelig br\u00e6ndeovn, et rummeligt k\u00f8kken, roligt sovev\u00e6relse mod g\u00e5rd og et velindrettet badev\u00e6relse.Lejligheden ligger i en hyggelig og velfungerende ejendom med et dejligt g\u00e5rdmilj\u00f8.Lejligheden er ikke dele-venlig, men er rigtig god til et k\u00e6restepar, der \u00f8nsker at bo sammen i [&hellip;]<\/p>\n","protected":false},"author":1,"featured_media":848,"parent":268,"menu_order":2,"comment_status":"closed","ping_status":"closed","template":"","meta":{"footnotes":""},"categories":[],"tags":[17,19],"class_list":["post-160","page","type-page","status-publish","has-post-thumbnail","hentry","tag-falstersgade-40","tag-ledig"],"jetpack_sharing_enabled":true,"featured_image_src":"\/home\/wp-content\/uploads\/2026\/03\/FG40-2_20260321_164043306-600x400.jpg","featured_image_src_square":"\/home\/wp-content\/uploads\/2026\/03\/FG40-2_20260321_164043306-600x600.jpg","rttpg_featured_image_url":{"full":["\/home\/wp-content\/uploads\/2026\/03\/FG40-2_20260321_164043306-scaled.jpg",2560,1920,false],"landscape":["\/home\/wp-content\/uploads\/2026\/03\/FG40-2_20260321_164043306-scaled.jpg",2560,1920,false],"portraits":["\/home\/wp-content\/uploads\/2026\/03\/FG40-2_20260321_164043306-scaled.jpg",2560,1920,false],"thumbnail":["\/home\/wp-content\/uploads\/2026\/03\/FG40-2_20260321_164043306-150x150.jpg",150,150,true],"medium":["\/home\/wp-content\/uploads\/2026\/03\/FG40-2_20260321_164043306-300x225.jpg",300,225,true],"large":["\/home\/wp-content\/uploads\/2026\/03\/FG40-2_20260321_164043306-1024x768.jpg",800,600,true],"1536x1536":["\/home\/wp-content\/uploads\/2026\/03\/FG40-2_20260321_164043306-1536x1152.jpg",1536,1152,true],"2048x2048":["\/home\/wp-content\/uploads\/2026\/03\/FG40-2_20260321_164043306-2048x1536.jpg",2048,1536,true],"ab-block-post-grid-landscape":["\/home\/wp-content\/uploads\/2026\/03\/FG40-2_20260321_164043306-600x400.jpg",600,400,true],"ab-block-post-grid-square":["\/home\/wp-content\/uploads\/2026\/03\/FG40-2_20260321_164043306-600x600.jpg",600,600,true],"mailpoet_newsletter_max":["\/home\/wp-content\/uploads\/2026\/03\/FG40-2_20260321_164043306-1320x990.jpg",1320,990,true]},"rttpg_author":{"display_name":"o@origo.io","author_link":"\/home\/author\/oorigo-io\/"},"rttpg_comment":0,"rttpg_category":false,"rttpg_excerpt":"Lys og dejlig lejlighed i \u00d8gaderne udlejes med entr\u00e9, to stuer hvoraf den ene har hyggelig br\u00e6ndeovn, et rummeligt k\u00f8kken, roligt sovev\u00e6relse mod g\u00e5rd og et velindrettet badev\u00e6relse.Lejligheden ligger i en hyggelig og velfungerende ejendom med et dejligt g\u00e5rdmilj\u00f8.Lejligheden er ikke dele-venlig, men er rigtig god til et k\u00e6restepar, der \u00f8nsker at bo sammen i&hellip;","_links":{"self":[{"href":"\/home\/wp-json\/wp\/v2\/pages\/160","targetHints":{"allow":["GET"]}}],"collection":[{"href":"\/home\/wp-json\/wp\/v2\/pages"}],"about":[{"href":"\/home\/wp-json\/wp\/v2\/types\/page"}],"author":[{"embeddable":true,"href":"\/home\/wp-json\/wp\/v2\/users\/1"}],"replies":[{"embeddable":true,"href":"\/home\/wp-json\/wp\/v2\/comments?post=160"}],"version-history":[{"count":7,"href":"\/home\/wp-json\/wp\/v2\/pages\/160\/revisions"}],"predecessor-version":[{"id":860,"href":"\/home\/wp-json\/wp\/v2\/pages\/160\/revisions\/860"}],"up":[{"embeddable":true,"href":"\/home\/wp-json\/wp\/v2\/pages\/268"}],"wp:featuredmedia":[{"embeddable":true,"href":"\/home\/wp-json\/wp\/v2\/media\/848"}],"wp:attachment":[{"href":"\/home\/wp-json\/wp\/v2\/media?parent=160"}],"wp:term":[{"taxonomy":"category","embeddable":true,"href":"\/home\/wp-json\/wp\/v2\/categories?post=160"},{"taxonomy":"post_tag","embeddable":true,"href":"\/home\/wp-json\/wp\/v2\/tags?post=160"}],"curies":[{"name":"wp","href":"https:\/\/api.w.org\/{rel}","templated":true}]}}