{"id":156,"date":"2022-02-18T18:54:53","date_gmt":"2022-02-18T17:54:53","guid":{"rendered":"https:\/\/95.128.25.24.aa5d6d21.uncloud.co\/home\/?page_id=156"},"modified":"2024-07-03T22:23:26","modified_gmt":"2024-07-03T21:23:26","slug":"falstersgade-47-3-sal","status":"publish","type":"page","link":"\/home\/lejemaal\/falstersgade-47\/falstersgade-47-3-sal\/","title":{"rendered":"Falstersgade 47, 3. sal (58 m2)"},"content":{"rendered":"\n<p>Hyggelig lejlighed i \u00d8gaderne med to gode v\u00e6relser, entr\u00e9, nyere k\u00f8kken og rummeligt badev\u00e6relse udlejes.<br>Lejligheden ligger p\u00e5 2. etage med sydvendt stue og k\u00f8kken.<br>Lejligheden er ikke dele-venlig, men er rigtig god til et k\u00e6restepar, der \u00f8nsker at bo sammen i et hyggeligt kvarter.<\/p>\n\n\n\n<figure class=\"wp-block-gallery has-nested-images columns-default is-cropped wp-block-gallery-1 is-layout-flex wp-block-gallery-is-layout-flex\">\n<figure class=\"wp-block-image size-large\"><img loading=\"lazy\" decoding=\"async\" width=\"1024\" height=\"711\" data-id=\"247\" src=\"\/home\/wp-content\/uploads\/2022\/02\/Falstersgade_47-image-009-1024x711.jpg\" alt=\"\" class=\"wp-image-247\"\/><\/figure>\n\n\n\n<figure class=\"wp-block-image size-large\"><img loading=\"lazy\" decoding=\"async\" width=\"768\" height=\"1024\" data-id=\"693\" src=\"\/home\/wp-content\/uploads\/2023\/06\/FG47-2k-768x1024.jpg\" alt=\"\" class=\"wp-image-693\"\/><\/figure>\n\n\n\n<figure class=\"wp-block-image size-large\"><img loading=\"lazy\" decoding=\"async\" width=\"572\" height=\"730\" data-id=\"244\" src=\"\/home\/wp-content\/uploads\/2022\/02\/Falstersgade_47-facade.jpg\" alt=\"\" class=\"wp-image-244\"\/><\/figure>\n\n\n\n<figure class=\"wp-block-image size-large\"><img loading=\"lazy\" decoding=\"async\" width=\"768\" height=\"1024\" data-id=\"682\" src=\"\/home\/wp-content\/uploads\/2023\/06\/FG47-2d-1-768x1024.jpg\" alt=\"\" class=\"wp-image-682\"\/><\/figure>\n\n\n\n<figure class=\"wp-block-image size-large\"><img loading=\"lazy\" decoding=\"async\" width=\"768\" height=\"1024\" data-id=\"237\" src=\"\/home\/wp-content\/uploads\/2022\/02\/Falstersgade_47-3.sal-d-768x1024.jpg\" alt=\"\" class=\"wp-image-237\"\/><\/figure>\n\n\n\n<figure class=\"wp-block-image size-large\"><img loading=\"lazy\" decoding=\"async\" width=\"1024\" height=\"711\" data-id=\"233\" src=\"\/home\/wp-content\/uploads\/2022\/02\/Falstersgade_47-3-sal-koekken-1024x711.jpg\" alt=\"\" class=\"wp-image-233\"\/><\/figure>\n\n\n\n<figure class=\"wp-block-image size-large\"><img loading=\"lazy\" decoding=\"async\" width=\"1024\" height=\"711\" data-id=\"250\" src=\"\/home\/wp-content\/uploads\/2022\/02\/Falstersgade_47-kaelder-1024x711.jpg\" alt=\"\" class=\"wp-image-250\"\/><\/figure>\n\n\n\n<figure class=\"wp-block-image size-large\"><img loading=\"lazy\" decoding=\"async\" width=\"1024\" height=\"711\" data-id=\"243\" src=\"\/home\/wp-content\/uploads\/2022\/02\/Falstersgade_47-baggaard-1024x711.jpg\" alt=\"\" class=\"wp-image-243\"\/><\/figure>\n\n\n\n<figure class=\"wp-block-image size-large\"><img loading=\"lazy\" decoding=\"async\" width=\"768\" height=\"1024\" data-id=\"686\" src=\"\/home\/wp-content\/uploads\/2023\/06\/FG47-2h-768x1024.jpg\" alt=\"\" class=\"wp-image-686\"\/><\/figure>\n<\/figure>\n\n\n\n<div style=\"color:#32373c;background-color:#209cef\" class=\"wp-block-atomic-blocks-ab-notice ab-font-size-18 ab-block-notice\" data-id=\"4059b0\"><div class=\"ab-notice-title\" style=\"color:#fff\"><p>Info<\/p><\/div><div class=\"ab-notice-text\" style=\"border-color:#209cef\"><p>Lejligheden er ledig per 1\/3-2024.<br\/>Den m\u00e5nedlige husleje er 7.800 kr.<br\/>De m\u00e5nedlige aconto-udgifter er 550 kr. til varme.<br\/>Der betales 2 m\u00e5neders leje i depositum og 1 m\u00e5neds leje i forudbetalt leje.<\/p><\/div><\/div>\n\n\n\n<div style=\"text-align:center\" class=\"wp-block-atomic-blocks-ab-button ab-block-button\"><a href=\"\/home\/book-fremvisning\/\" class=\"ab-button ab-button-shape-rounded ab-button-size-medium\" style=\"color:#ffffff;background-color:#0693e3\">Book en fremvisning<\/a><\/div>\n","protected":false},"excerpt":{"rendered":"<p>Hyggelig lejlighed i \u00d8gaderne med to gode v\u00e6relser, entr\u00e9, nyere k\u00f8kken og rummeligt badev\u00e6relse udlejes.Lejligheden ligger p\u00e5 2. etage med sydvendt stue og k\u00f8kken.Lejligheden er ikke dele-venlig, men er rigtig god til et k\u00e6restepar, der \u00f8nsker at bo sammen i et hyggeligt kvarter.<\/p>\n","protected":false},"author":1,"featured_media":233,"parent":267,"menu_order":3,"comment_status":"closed","ping_status":"closed","template":"","meta":{"footnotes":""},"categories":[],"tags":[16],"class_list":["post-156","page","type-page","status-publish","has-post-thumbnail","hentry","tag-falstersgade-47"],"jetpack_sharing_enabled":true,"featured_image_src":"\/home\/wp-content\/uploads\/2022\/02\/Falstersgade_47-3-sal-koekken.jpg","featured_image_src_square":"\/home\/wp-content\/uploads\/2022\/02\/Falstersgade_47-3-sal-koekken.jpg","rttpg_featured_image_url":{"full":["\/home\/wp-content\/uploads\/2022\/02\/Falstersgade_47-3-sal-koekken.jpg",1051,730,false],"landscape":["\/home\/wp-content\/uploads\/2022\/02\/Falstersgade_47-3-sal-koekken.jpg",1051,730,false],"portraits":["\/home\/wp-content\/uploads\/2022\/02\/Falstersgade_47-3-sal-koekken.jpg",1051,730,false],"thumbnail":["\/home\/wp-content\/uploads\/2022\/02\/Falstersgade_47-3-sal-koekken-150x150.jpg",150,150,true],"medium":["\/home\/wp-content\/uploads\/2022\/02\/Falstersgade_47-3-sal-koekken-300x208.jpg",300,208,true],"large":["\/home\/wp-content\/uploads\/2022\/02\/Falstersgade_47-3-sal-koekken-1024x711.jpg",800,555,true],"1536x1536":["\/home\/wp-content\/uploads\/2022\/02\/Falstersgade_47-3-sal-koekken.jpg",1051,730,false],"2048x2048":["\/home\/wp-content\/uploads\/2022\/02\/Falstersgade_47-3-sal-koekken.jpg",1051,730,false],"ab-block-post-grid-landscape":["\/home\/wp-content\/uploads\/2022\/02\/Falstersgade_47-3-sal-koekken.jpg",576,400,false],"ab-block-post-grid-square":["\/home\/wp-content\/uploads\/2022\/02\/Falstersgade_47-3-sal-koekken.jpg",600,417,false],"mailpoet_newsletter_max":["\/home\/wp-content\/uploads\/2022\/02\/Falstersgade_47-3-sal-koekken.jpg",1051,730,false]},"rttpg_author":{"display_name":"o@origo.io","author_link":"\/home\/author\/oorigo-io\/"},"rttpg_comment":0,"rttpg_category":false,"rttpg_excerpt":"Hyggelig lejlighed i \u00d8gaderne med to gode v\u00e6relser, entr\u00e9, nyere k\u00f8kken og rummeligt badev\u00e6relse udlejes.Lejligheden ligger p\u00e5 2. etage med sydvendt stue og k\u00f8kken.Lejligheden er ikke dele-venlig, men er rigtig god til et k\u00e6restepar, der \u00f8nsker at bo sammen i et hyggeligt kvarter.","_links":{"self":[{"href":"\/home\/wp-json\/wp\/v2\/pages\/156","targetHints":{"allow":["GET"]}}],"collection":[{"href":"\/home\/wp-json\/wp\/v2\/pages"}],"about":[{"href":"\/home\/wp-json\/wp\/v2\/types\/page"}],"author":[{"embeddable":true,"href":"\/home\/wp-json\/wp\/v2\/users\/1"}],"replies":[{"embeddable":true,"href":"\/home\/wp-json\/wp\/v2\/comments?post=156"}],"version-history":[{"count":6,"href":"\/home\/wp-json\/wp\/v2\/pages\/156\/revisions"}],"predecessor-version":[{"id":734,"href":"\/home\/wp-json\/wp\/v2\/pages\/156\/revisions\/734"}],"up":[{"embeddable":true,"href":"\/home\/wp-json\/wp\/v2\/pages\/267"}],"wp:featuredmedia":[{"embeddable":true,"href":"\/home\/wp-json\/wp\/v2\/media\/233"}],"wp:attachment":[{"href":"\/home\/wp-json\/wp\/v2\/media?parent=156"}],"wp:term":[{"taxonomy":"category","embeddable":true,"href":"\/home\/wp-json\/wp\/v2\/categories?post=156"},{"taxonomy":"post_tag","embeddable":true,"href":"\/home\/wp-json\/wp\/v2\/tags?post=156"}],"curies":[{"name":"wp","href":"https:\/\/api.w.org\/{rel}","templated":true}]}}