{"id":11,"date":"2022-02-09T19:30:09","date_gmt":"2022-02-09T19:30:09","guid":{"rendered":"\/home\/?page_id=11"},"modified":"2022-02-22T16:33:42","modified_gmt":"2022-02-22T15:33:42","slug":"home","status":"publish","type":"page","link":"\/home\/","title":{"rendered":"Om Cabo"},"content":{"rendered":"\n<p>Cabo ApS ejer, administrerer og udlejer ejendomme til bolig og erhverv. Vore ejendomme er beliggende i \u00d8gaderne i Aarhus. Vi er interesserede i bidrage til at bevare og vedligeholde, men ogs\u00e5 udvikle bygningerne i den historiske bykerne, der i h\u00f8j grad er pr\u00e6get af byggestilen og \u00e6stetikken fra \u00e5rene omkring 1900 og \u00e5rtierne derefter. Vi mener disse organisk opst\u00e5ede, og n\u00e6nsomt renoverede kvarterer, m\u00e5ske kan l\u00e6re nutidens byudviklere om levedygtigt, stemningsfuldt, smukt, trygt og harmonisk byggeri. Egenskaber der desv\u00e6rre i alt for h\u00f8j grad mangler i den bygningsmasse der opst\u00e5r omkring os i disse \u00e5r.<\/p>\n\n\n\n<p>Er du interesseret i at v\u00e6re lejer i et af <a href=\"\/home\/lejemaal\/\" data-type=\"page\" data-id=\"2\">vore lejem\u00e5l<\/a>, s\u00e5 book en <a href=\"\/home\/book-fremvisning\/\" data-type=\"page\" data-id=\"33\">fremvisning<\/a> eller udfyld skemaet p\u00e5 vores <a href=\"\/home\/kontakt\/\" data-type=\"page\" data-id=\"13\">kontaktside<\/a>, og indsend det. Skriv gerne lidt om dig selv, og hvorfor du er interesseret.<\/p>\n\n\n\n<p>Vi deler kontor med\u00a0<a rel=\"noreferrer noopener\" href=\"https:\/\/www.origo.io\/\" target=\"_blank\">Origo System ApS<\/a>\u00a0i Sj\u00e6llandsgade 72, 8000 Aarhus C.<\/p>\n\n\n\n<div style=\"height:100px\" aria-hidden=\"true\" class=\"wp-block-spacer\"><\/div>\n\n\n","protected":false},"excerpt":{"rendered":"<p>Cabo ApS ejer, administrerer og udlejer ejendomme til bolig og erhverv. Vore ejendomme er beliggende i \u00d8gaderne i Aarhus. Vi er interesserede i bidrage til at bevare og vedligeholde, men ogs\u00e5 udvikle bygningerne i den historiske bykerne, der i h\u00f8j grad er pr\u00e6get af byggestilen og \u00e6stetikken fra \u00e5rene omkring 1900 og \u00e5rtierne derefter. Vi [&hellip;]<\/p>\n","protected":false},"author":1,"featured_media":0,"parent":0,"menu_order":0,"comment_status":"closed","ping_status":"closed","template":"","meta":{"footnotes":""},"categories":[],"tags":[],"class_list":["post-11","page","type-page","status-publish","hentry"],"jetpack_sharing_enabled":true,"featured_image_src":null,"featured_image_src_square":null,"rttpg_featured_image_url":null,"rttpg_author":{"display_name":"o@origo.io","author_link":"\/home\/author\/oorigo-io\/"},"rttpg_comment":0,"rttpg_category":false,"rttpg_excerpt":"Cabo ApS ejer, administrerer og udlejer ejendomme til bolig og erhverv. Vore ejendomme er beliggende i \u00d8gaderne i Aarhus. Vi er interesserede i bidrage til at bevare og vedligeholde, men ogs\u00e5 udvikle bygningerne i den historiske bykerne, der i h\u00f8j grad er pr\u00e6get af byggestilen og \u00e6stetikken fra \u00e5rene omkring 1900 og \u00e5rtierne derefter. Vi&hellip;","_links":{"self":[{"href":"\/home\/wp-json\/wp\/v2\/pages\/11","targetHints":{"allow":["GET"]}}],"collection":[{"href":"\/home\/wp-json\/wp\/v2\/pages"}],"about":[{"href":"\/home\/wp-json\/wp\/v2\/types\/page"}],"author":[{"embeddable":true,"href":"\/home\/wp-json\/wp\/v2\/users\/1"}],"replies":[{"embeddable":true,"href":"\/home\/wp-json\/wp\/v2\/comments?post=11"}],"version-history":[{"count":20,"href":"\/home\/wp-json\/wp\/v2\/pages\/11\/revisions"}],"predecessor-version":[{"id":528,"href":"\/home\/wp-json\/wp\/v2\/pages\/11\/revisions\/528"}],"wp:attachment":[{"href":"\/home\/wp-json\/wp\/v2\/media?parent=11"}],"wp:term":[{"taxonomy":"category","embeddable":true,"href":"\/home\/wp-json\/wp\/v2\/categories?post=11"},{"taxonomy":"post_tag","embeddable":true,"href":"\/home\/wp-json\/wp\/v2\/tags?post=11"}],"curies":[{"name":"wp","href":"https:\/\/api.w.org\/{rel}","templated":true}]}}